



{"id":668,"date":"2024-01-31T11:43:29","date_gmt":"2024-01-31T11:43:29","guid":{"rendered":"http:\/\/new.cinefort.hu\/?page_id=668"},"modified":"2024-04-29T16:53:35","modified_gmt":"2024-04-29T15:53:35","slug":"araink","status":"publish","type":"page","link":"https:\/\/cinefort.hu\/index.php\/araink\/","title":{"rendered":"\u00c1raink"},"content":{"rendered":"\n<ol class=\"wp-block-list\">\n<li>2K\/4K\/3D DCP k\u00e9sz\u00edt\u00e9se master vide\u00f3 alapanyagb\u00f3l:\n<ul class=\"wp-block-list\">\n<li>Master vide\u00f3anyagb\u00f3l t\u00f6rt\u00e9n\u0151 DCP k\u00e9sz\u00edt\u00e9se eset\u00e9n a forr\u00e1sanyag b\u00e1rmilyen videoform\u00e1tum lehet, \u00e9s b\u00e1rmely video-\u00e9s hangkodekkel k\u00e9sz\u00fclhet, azonban -az ipar\u00e1gi szabv\u00e1nynak megfelel\u0151en &#8211; prefer\u00e1ljuk a ProRes 422\/4444, vagy a DnxHD forr\u00e1sanyagokat. <\/li>\n\n\n\n<li>Alapesetben minden DCP-nk azzal a k\u00e9pkockasebess\u00e9ggel (24, ill. 25 fps) ker\u00fcl k\u00f3dol\u00e1sra, amelyikkel a forr\u00e1sanyagot megkapjuk. Speci\u00e1lis megrendel\u0151 ig\u00e9ny, vagy t\u00f6rt\u00e9rt\u00e9k\u0171 (23.976\/29.976\/50i\/60i) k\u00e9pkockasebess\u00e9ggel leadott forr\u00e1sanyag eset\u00e9n minden esetben fps konverzi\u00f3 t\u00f6rt\u00e9nik, ami egyszeri konverzi\u00f3s k\u00f6lts\u00e9ggel j\u00e1r.<\/li>\n\n\n\n<li>A DCP k\u00e9par\u00e1ny\u00e1nak meghat\u00e1roz\u00e1sa mindig a forr\u00e1sanyag k\u00e9par\u00e1ny\u00e1hoz legk\u00f6zelebb \u00e1ll\u00f3 DCI standard k\u00e9par\u00e1nnyal t\u00f6rt\u00e9nik, minden ett\u0151l elt\u00e9r\u0151 k\u00e9pm\u00e9ret ill. k\u00e9par\u00e1ny fel ill. lesk\u00e1l\u00e1z\u00e1ssal ker\u00fcl elk\u00e9sz\u00edt\u00e9sre.<\/li>\n\n\n\n<li>A master videoanyag a v\u00e9gleges f\u00e9nyel\u00e9s ut\u00e1ni \u00e1llapotban sz\u00fcks\u00e9ges leadni. <a href=\"https:\/\/cinefort.hu\/index.php\/kapcsolat\/\" data-type=\"page\" data-id=\"262\">Ha nem biztos a forr\u00e1sanyag technikai param\u00e9tereiben, k\u00e9rem vegye fel vel\u00fcnk a kapcsolatot!<\/a><\/li>\n\n\n\n<li>Az al\u00e1bbi munkafolyamatok d\u00edjmentesen belesz\u00e1m\u00edtanak a DCP k\u00e9sz\u00edt\u00e9s folyamat\u00e1ba: A forr\u00e1sf\u00e1jl\/ok let\u00f6lt\u00e9se, technikai ellen\u0151rz\u00e9se, TC-vel ell\u00e1tott megtekint\u0151 f\u00e1jl el\u0151\u00e1ll\u00edt\u00e1sa, \u00e9s biztos\u00edt\u00e1sa a megrendel\u0151 r\u00e9sz\u00e9re.<\/li>\n\n\n\n<li>Megrendel\u0151i ig\u00e9ny eset\u00e9n titkos\u00edtott (encrypted) k\u00f3pia k\u00e9sz\u00edt\u00e9s\u00e9re is van lehet\u0151s\u00e9g plusz gy\u00e1rt\u00e1si k\u00f6lts\u00e9g felsz\u00e1mol\u00e1sa n\u00e9lk\u00fcl, ezesetben azonban a megrendel\u0151nek k\u00e9s\u0151bb KDM-eket (vet\u00edt\u00e9shez sz\u00fcks\u00e9ges kulcsokat) kell rendelnie a k\u00e9sz DCP vet\u00edt\u00e9si helysz\u00edn\u00e9re, illetve a vet\u00edt\u00e9s id\u0151tartam\u00e1ra. A KDM-ek minden esetben emailben \u00e9rkeznek a vet\u00edt\u00e9si helysz\u00edn\u00e9re, illetve a megrendel\u0151nek.<\/li>\n\n\n\n<li>A k\u00e9sz DCP lead\u00e1sa t\u00f6rt\u00e9nhet fizikai hordoz\u00f3n, illetve digit\u00e1lis form\u00e1ban. El\u0151bbi esetben a megrendel\u0151nek kell az adathordoz\u00f3kat biztos\u00edtania. Digit\u00e1lis lead\u00e1s eset\u00e9n a k\u00f6vetkez\u0151 platformokon tudjuk biztos\u00edtani a digit\u00e1lis k\u00f3pi\u00e1t: CineFort CineTransfer, WireQube, Gofilex, Aspera, SFTP. <\/li>\n\n\n\n<li>Megrendel\u0151nek k\u00fcl\u00f6n k\u00f6lts\u00e9g ellen\u00e9ben lehet\u0151s\u00e9ge van archiv\u00e1l\u00e1si c\u00e9llal Bluray, vagy vide\u00f3f\u00e1jl form\u00e1j\u00e1ban m\u00e1solatot k\u00e9rni az elk\u00e9sz\u00fclt anyagb\u00f3l. <\/li>\n\n\n\n<li>Az \u00e1rkalkul\u00e1tor, \u00e9s a v\u00e9gleges \u00e1raj\u00e1nlat \u00f6sszegei kism\u00e9rt\u00e9kben elt\u00e9rhetnek, az adott feladatt\u00f3l f\u00fcgg\u0151en. <\/li>\n\n\n\n<li><a href=\"https:\/\/cinefort.hu\/index.php\/kapcsolat\/\" data-type=\"page\" data-id=\"262\">F\u00fcggetlen alkot\u00f3knak, nonprofit szervezeteknek kedvezm\u00e9nyt adunk.<\/a><\/li>\n\n\n\n<li><a href=\"https:\/\/cinefort.hu\/index.php\/kapcsolat\/\" data-type=\"page\" data-id=\"262\">Egyedi ig\u00e9nyek eset\u00e9n k\u00e9rj\u00fck vegye fel vel\u00fcnk a kapcsolatot!<\/a> \n<div class=\"ccb-main-widget \" id=\"ccb_app_641\" data-calc-id=\"641\"><\/div>\n<\/li>\n<\/ul>\n<\/li>\n\n\n\n<li>DCP nyelvi verzi\u00f3k k\u00e9sz\u00edt\u00e9se OV DCP-b\u0151l feliratoz\u00e1ssal, illetve szinkronhang s\u00e1vokkal:\n<ul class=\"wp-block-list\">\n<li>B\u00e1rmilyen szabv\u00e1nyos (SMPTE illetve Interop) DCP OV (Original version) k\u00f3pia alkalmas a nyelvi verzi\u00f3k elk\u00e9sz\u00edt\u00e9s\u00e9re, amennyiben a k\u00f3pia hi\u00e1nytalanul, \u00e9s hib\u00e1tlanul rendelkez\u00e9sre \u00e1ll.<\/li>\n\n\n\n<li>Titkos DCP k\u00f3pia eset\u00e9n megrendel\u0151nek rendelkeznie kell a CineFort KFT. mastering szerver\u00e9hez c\u00edmzett DKDM-el (Distribution Key Delivery Message). Ennek hi\u00e1ny\u00e1ban nem tudjuk elk\u00e9sz\u00edteni a DCP nyelvi verzi\u00f3j\u00e1t. M\u00e1s c\u00e9g mastering szerver\u00e9re, illetve mozi vet\u00edt\u0151szerverre ki\u00e1ll\u00edtott KDM-el szint\u00e9n nem tudjuk elv\u00e9gezni a munk\u00e1t.<\/li>\n\n\n\n<li>A szinkronhang s\u00e1vokat konszolid\u00e1lni kell a k\u00e9ps\u00e1vhoz. (A hangs\u00e1vnak \u00e9s a k\u00e9ps\u00e1vnak ugyanolyan hossz\u00fanak kell lennie.) K\u00e9rj\u00fck a &#8222;bef\u0171z\u0151szalagot&#8221;, \u00e9s a &#8222;beeptone-t&#8221; a hangs\u00e1vok elej\u00e9r\u0151l, \u00e9s v\u00e9g\u00e9r\u0151l elt\u00e1vol\u00edtani. A hangs\u00e1vok form\u00e1tuma, k\u00f3dol\u00e1sa b\u00e1rmi lehet, de prefer\u00e1ljuk az pcm .wav form\u00e1tumot. Lehet\u0151s\u00e9g van a hangs\u00e1vok ig\u00e9ny, \u00e9s sz\u00fcks\u00e9g szerinti ut\u00f3lagos m\u00f3dos\u00edt\u00e1s\u00e1ra, k\u00fcl\u00f6n d\u00edjaz\u00e1s alapj\u00e1n. <\/li>\n\n\n\n<li>Az al\u00e1bbi munkafolyamatok d\u00edjmentesen belesz\u00e1m\u00edtanak a DCP versioning folyamat\u00e1ba: Az OV DCP let\u00f6lt\u00e9se, technikai ellen\u0151rz\u00e9se. <\/li>\n\n\n\n<li>A NEM a CineFort-n\u00e1l k\u00e9sz\u00edtett OV DCP-k el\u0151k\u00e9sz\u00edt\u00e9st ig\u00e9nyelnek (DCP kibont\u00e1sa\/decrypt\u00e1l\u00e1sa, TC-s megtekint\u0151 elk\u00e9sz\u00edt\u00e9se), ez\u00e9rt ebben az esetben k\u00fcl\u00f6n d\u00edjat sz\u00e1molunk fel. <\/li>\n\n\n\n<li>Feliratoz\u00e1s eset\u00e9n a feliratf\u00e1jlnak +- 2 k\u00e9pkocka pontoss\u00e1ggal kell illeszkedni az OV DCP-hez. Nem tartalmazhat id\u0151k\u00f3d \u00e1tfed\u00e9seket (overlapping), 46 karaktern\u00e9l t\u00f6bbet 1 sorban, illetve 2 sorn\u00e1l t\u00f6bbet egy sz\u00f6vegbubor\u00e9kban. A maximum CPS-nek minden sz\u00f6vegbubor\u00e9kn\u00e1l 25-n\u00e9l kisebbnek kell lennie. A feliratok ut\u00f3lagos jav\u00edt\u00e1s\u00e1\u00e9rt plusz k\u00f6lts\u00e9get sz\u00e1molhatunk fel. <a href=\"https:\/\/cinefort.hu\/index.php\/kapcsolat\/\" data-type=\"page\" data-id=\"262\">Ha nem biztos a forr\u00e1sanyagok technikai param\u00e9tereiben, k\u00e9rem vegye fel vel\u00fcnk a kapcsolatot!<\/a><\/li>\n\n\n\n<li>Ha csak id\u0151k\u00f3dok n\u00e9lk\u00fcli sz\u00f6vegk\u00f6nyv \u00e1ll rendelkez\u00e9sre, sz\u00fcks\u00e9g van a sz\u00f6veg szpottingol\u00e1s\u00e1ra (id\u0151z\u00edt\u00e9s\u00e9re\/szinkroniz\u00e1l\u00e1s\u00e1ra\/t\u00f6rdel\u00e9s\u00e9re). A szpottingol\u00e1s min\u0151s\u00e9ge nem f\u00fcgg sem a besz\u00e9lt, sem a felirat nyelv\u00e9t\u0151l, koll\u00e9g\u00e1ink nagy szak\u00e9rtelemmel, magas min\u0151s\u00e9gi ig\u00e9nyess\u00e9ggel, a feliratoz\u00e1s ipar\u00e1gi szabv\u00e1nyait szem el\u0151tt tartva dolgoznak. <a href=\"https:\/\/cinefort.hu\/index.php\/kapcsolat\/\" data-type=\"page\" data-id=\"262\">Egyedi ig\u00e9nyek eset\u00e9n v\u00e1llaljuk feliratok ford\u00edt\u00e1s\u00e1t, lektor\u00e1l\u00e1s\u00e1t, hall\u00e1sk\u00e1rosultaknak sz\u00e1nt, t\u00f6bbnyelv\u0171, speci\u00e1lisan pozicion\u00e1lt, sz\u00ednezett feliratok elk\u00e9sz\u00edt\u00e9s\u00e9t, \u00e9s DCP versioningj\u00e9t.<\/a><\/li>\n\n\n\n<li>Megrendel\u0151nek k\u00fcl\u00f6n k\u00f6lts\u00e9g ellen\u00e9ben lehet\u0151s\u00e9ge van archiv\u00e1l\u00e1si c\u00e9llal Bluray, vagy vide\u00f3f\u00e1jl form\u00e1j\u00e1ban m\u00e1solatot k\u00e9rni az elk\u00e9sz\u00fclt VF anyagb\u00f3l.<\/li>\n\n\n\n<li><a href=\"https:\/\/cinefort.hu\/index.php\/kapcsolat\/\" data-type=\"page\" data-id=\"262\">F\u00fcggetlen alkot\u00f3knak, nonprofit szervezeteknek kedvezm\u00e9nyt adunk.<\/a> \n<div class=\"ccb-main-widget \" id=\"ccb_app_642\" data-calc-id=\"642\"><\/div>\n<\/li>\n<\/ul>\n<\/li>\n\n\n\n<li>Feliratvet\u00edt\u00e9s\n<ul class=\"wp-block-list\">\n<li>V\u00e1llaljuk feliratok val\u00f3s idej\u0171 feliratvet\u00edt\u00e9s\u00e9t, amely t\u00f6rt\u00e9nhet projektorral vet\u00edtve, vagy a jel\u00e1tviteli l\u00e1nc videojel\u00e9re t\u00f6rt\u00e9n\u0151 kulcsol\u00e1ssal.<\/li>\n\n\n\n<li>A feliratvet\u00edt\u00e9shez, r\u00f6gz\u00edtett tartalom eset\u00e9n, a megrendel\u0151nek biztos\u00edtania kell az anyaghoz id\u0151k\u00f3dban pontosan illeszked\u0151 feliratf\u00e1jlt, illetve egy k\u00e9pkocka pontos megtekint\u0151t a vet\u00edtett anyagb\u00f3l. A megtekint\u0151 \u00e9s a vet\u00edtett anyag, illetve a felirat \u00e9s a vet\u00edtett felirat elt\u00e9r\u00e9seib\u0151l sz\u00e1rmaz\u00f3 hib\u00e1k\u00e9rt nem tudunk felel\u0151ss\u00e9get v\u00e1llalni, ennek elker\u00fcl\u00e9se \u00e9rdek\u00e9ben a megrendel\u0151nek biztos\u00edtani kell a helysz\u00ednen egy kontrollvet\u00edt\u00e9si id\u0151pontot.<\/li>\n\n\n\n<li><a href=\"https:\/\/cinefort.hu\/index.php\/kapcsolat\/\" data-type=\"page\" data-id=\"262\">A megtekint\u0151t, \u00e9s a feliratf\u00e1jlt term\u00e9szetesen mi is el tudjuk k\u00e9sz\u00edteni, ennek k\u00f6lts\u00e9geir\u0151l t\u00e1j\u00e9koz\u00f3djon n\u00e1lunk.<\/a><\/li>\n\n\n\n<li>V\u00e1llaljuk sz\u00ednh\u00e1zi el\u0151ad\u00e1sok, koncertek feliratoz\u00e1s\u00e1t, s\u00fag\u00f3g\u00e9pez\u00e9s\u00e9t is, ebben az esetben csak sz\u00f6vegk\u00f6nyv alapj\u00e1n dolgozunk, manu\u00e1lis id\u0151z\u00edt\u00e9ssel. <a href=\"https:\/\/cinefort.hu\/index.php\/kapcsolat\/\" data-type=\"page\" data-id=\"262\">Mivel ezek az esem\u00e9nyek mindegyike egyedi, k\u00e9rj\u00fck vegye fel vel\u00fcnk a kapcsolatot.<\/a>\n<div class=\"ccb-main-widget \" id=\"ccb_app_713\" data-calc-id=\"713\"><\/div>\n<\/li>\n<\/ul>\n<\/li>\n\n\n\n<li>Rendezv\u00e9nytechnika\n<ul class=\"wp-block-list\">\n<li>V\u00e1llaljuk rendezv\u00e9nyek, koncertek hangos\u00edt\u00e1s\u00e1t, konferenci\u00e1k vizu\u00e1ltechnikai ig\u00e9nyeinek megval\u00f3s\u00edt\u00e1s\u00e1t (prezent\u00e1ci\u00f3k, bej\u00e1tsz\u00f3anyagok, \u00e9l\u0151k\u00e9pek v\u00e1g\u00e1sa, ad\u00e1slebonyol\u00edt\u00e1s), hang\/\u00e9s videor\u00f6gz\u00edt\u00e9si munk\u00e1kat \u00e9l\u0151v\u00e1g\u00e1ssal vagy ut\u00f3munk\u00e1val, streamek technikai ad\u00e1slebonyol\u00edt\u00e1s\u00e1t, podcast-ek, interj\u00fak, egy\u00e9b rendezv\u00e9nyek technikai t\u00e1mogat\u00e1s\u00e1t.  <\/li>\n\n\n\n<li><a href=\"https:\/\/cinefort.hu\/index.php\/kapcsolat\/\" data-type=\"page\" data-id=\"262\">Rendezv\u00e9nytechikai szolg\u00e1ltat\u00e1sunk \u00e1raihoz k\u00e9rem vegye fel a kapcsolatot vel\u00fcnk.<\/a><\/li>\n<\/ul>\n<\/li>\n<\/ol>\n","protected":false},"excerpt":{"rendered":"","protected":false},"author":1,"featured_media":0,"parent":0,"menu_order":0,"comment_status":"closed","ping_status":"closed","template":"page-templates\/page-full-width.php","meta":{"footnotes":""},"class_list":["post-668","page","type-page","status-publish","hentry"],"_links":{"self":[{"href":"https:\/\/cinefort.hu\/index.php\/wp-json\/wp\/v2\/pages\/668","targetHints":{"allow":["GET"]}}],"collection":[{"href":"https:\/\/cinefort.hu\/index.php\/wp-json\/wp\/v2\/pages"}],"about":[{"href":"https:\/\/cinefort.hu\/index.php\/wp-json\/wp\/v2\/types\/page"}],"author":[{"embeddable":true,"href":"https:\/\/cinefort.hu\/index.php\/wp-json\/wp\/v2\/users\/1"}],"replies":[{"embeddable":true,"href":"https:\/\/cinefort.hu\/index.php\/wp-json\/wp\/v2\/comments?post=668"}],"version-history":[{"count":21,"href":"https:\/\/cinefort.hu\/index.php\/wp-json\/wp\/v2\/pages\/668\/revisions"}],"predecessor-version":[{"id":889,"href":"https:\/\/cinefort.hu\/index.php\/wp-json\/wp\/v2\/pages\/668\/revisions\/889"}],"wp:attachment":[{"href":"https:\/\/cinefort.hu\/index.php\/wp-json\/wp\/v2\/media?parent=668"}],"curies":[{"name":"wp","href":"https:\/\/api.w.org\/{rel}","templated":true}]}}