



{"id":117,"date":"2024-01-25T12:06:20","date_gmt":"2024-01-25T12:06:20","guid":{"rendered":"http:\/\/new.cinefort.hu\/?page_id=117"},"modified":"2024-04-29T16:44:32","modified_gmt":"2024-04-29T15:44:32","slug":"rendezvenytechnika","status":"publish","type":"page","link":"https:\/\/cinefort.hu\/index.php\/rendezvenytechnika\/","title":{"rendered":"Rendezv\u00e9nytechnika"},"content":{"rendered":"\n<p>Rendezv\u00e9nytechnikai szolg\u00e1ltat\u00e1saink<\/p>\n\n\n\n<p>V\u00e1llaljuk:<\/p>\n\n\n\n<ul class=\"wp-block-list\">\n<li>rendezv\u00e9nyek hangos\u00edt\u00e1si, hangr\u00f6gz\u00edt\u00e9si feladatainak ell\u00e1t\u00e1s\u00e1t,<\/li>\n\n\n\n<li>rendezv\u00e9nyek\/konferenci\u00e1k videofelv\u00e9tel\u00e9t<\/li>\n\n\n\n<li>rendezv\u00e9nyek \u00e9l\u0151v\u00e1g\u00e1ssal t\u00f6rt\u00e9n\u0151 vide\u00f3 k\u00f6zvet\u00edt\u00e9s\u00e9t<\/li>\n\n\n\n<li>rendezv\u00e9nyek\/konferenci\u00e1k vizu\u00e1ltechnik\u00e1j\u00e1nak vide\u00f3 \u00e9s hang ad\u00e1srendez\u00e9s\u00e9t<\/li>\n<\/ul>\n\n\n\n<p>Saj\u00e1t eszk\u00f6zparkunk lehet\u0151v\u00e9 teszi kisebb produkci\u00f3k hang- \u00e9s vizu\u00e1ltechnikai lebonyol\u00edt\u00e1s\u00e1t, illetve besz\u00e1ll\u00edt\u00f3ink seg\u00edts\u00e9g\u00e9vel nagyobb rendezv\u00e9nyek kieg\u00e9sz\u00edt\u0151 technikai t\u00e1mogat\u00e1s\u00e1t is k\u00e9szs\u00e9ggel v\u00e1llaljuk.<\/p>\n\n\n\n<p>Mivel minden rendezv\u00e9ny egyedi, k\u00e9rj\u00fck <a href=\"https:\/\/cinefort.hu\/index.php\/kapcsolat\/\" data-type=\"page\" data-id=\"262\">vegye fel vel\u00fcnk a kapcsolatot.<\/a><\/p>\n","protected":false},"excerpt":{"rendered":"<p>Rendezv\u00e9nytechnikai szolg\u00e1ltat\u00e1saink V\u00e1llaljuk: Saj\u00e1t eszk\u00f6zparkunk lehet\u0151v\u00e9 teszi kisebb produkci\u00f3k hang- \u00e9s vizu\u00e1ltechnikai lebonyol\u00edt\u00e1s\u00e1t, illetve besz\u00e1ll\u00edt\u00f3ink seg\u00edts\u00e9g\u00e9vel nagyobb rendezv\u00e9nyek kieg\u00e9sz\u00edt\u0151 technikai t\u00e1mogat\u00e1s\u00e1t is k\u00e9szs\u00e9ggel v\u00e1llaljuk. Mivel minden rendezv\u00e9ny egyedi, k\u00e9rj\u00fck vegye fel vel\u00fcnk a kapcsolatot.<\/p>\n","protected":false},"author":1,"featured_media":0,"parent":0,"menu_order":0,"comment_status":"closed","ping_status":"closed","template":"page-templates\/page-full-width.php","meta":{"footnotes":""},"class_list":["post-117","page","type-page","status-publish","hentry"],"_links":{"self":[{"href":"https:\/\/cinefort.hu\/index.php\/wp-json\/wp\/v2\/pages\/117","targetHints":{"allow":["GET"]}}],"collection":[{"href":"https:\/\/cinefort.hu\/index.php\/wp-json\/wp\/v2\/pages"}],"about":[{"href":"https:\/\/cinefort.hu\/index.php\/wp-json\/wp\/v2\/types\/page"}],"author":[{"embeddable":true,"href":"https:\/\/cinefort.hu\/index.php\/wp-json\/wp\/v2\/users\/1"}],"replies":[{"embeddable":true,"href":"https:\/\/cinefort.hu\/index.php\/wp-json\/wp\/v2\/comments?post=117"}],"version-history":[{"count":3,"href":"https:\/\/cinefort.hu\/index.php\/wp-json\/wp\/v2\/pages\/117\/revisions"}],"predecessor-version":[{"id":882,"href":"https:\/\/cinefort.hu\/index.php\/wp-json\/wp\/v2\/pages\/117\/revisions\/882"}],"wp:attachment":[{"href":"https:\/\/cinefort.hu\/index.php\/wp-json\/wp\/v2\/media?parent=117"}],"curies":[{"name":"wp","href":"https:\/\/api.w.org\/{rel}","templated":true}]}}